{"id":514,"date":"2014-11-16T20:53:26","date_gmt":"2014-11-16T19:53:26","guid":{"rendered":"https:\/\/www.manulanzi.com\/photos\/hero\/"},"modified":"2016-03-18T19:04:31","modified_gmt":"2016-03-18T18:04:31","slug":"hero","status":"publish","type":"page","link":"https:\/\/www.manulanzi.com\/en\/photos\/hero\/","title":{"rendered":"HERO ??"},"content":{"rendered":"<p>Court m\u00e9trage r\u00e9alis\u00e9 par Manu Lanzi<\/p>\n","protected":false},"excerpt":{"rendered":"<p>Court m\u00e9trage r\u00e9alis\u00e9 par Manu Lanzi<\/p>\n","protected":false},"author":1,"featured_media":113,"parent":479,"menu_order":16,"comment_status":"open","ping_status":"closed","template":"photos.php","meta":{"_acf_changed":false,"footnotes":""},"class_list":["post-514","page","type-page","status-publish","has-post-thumbnail","hentry"],"acf":[],"_links":{"self":[{"href":"https:\/\/www.manulanzi.com\/en\/wp-json\/wp\/v2\/pages\/514","targetHints":{"allow":["GET"]}}],"collection":[{"href":"https:\/\/www.manulanzi.com\/en\/wp-json\/wp\/v2\/pages"}],"about":[{"href":"https:\/\/www.manulanzi.com\/en\/wp-json\/wp\/v2\/types\/page"}],"author":[{"embeddable":true,"href":"https:\/\/www.manulanzi.com\/en\/wp-json\/wp\/v2\/users\/1"}],"replies":[{"embeddable":true,"href":"https:\/\/www.manulanzi.com\/en\/wp-json\/wp\/v2\/comments?post=514"}],"version-history":[{"count":3,"href":"https:\/\/www.manulanzi.com\/en\/wp-json\/wp\/v2\/pages\/514\/revisions"}],"predecessor-version":[{"id":727,"href":"https:\/\/www.manulanzi.com\/en\/wp-json\/wp\/v2\/pages\/514\/revisions\/727"}],"up":[{"embeddable":true,"href":"https:\/\/www.manulanzi.com\/en\/wp-json\/wp\/v2\/pages\/479"}],"wp:featuredmedia":[{"embeddable":true,"href":"https:\/\/www.manulanzi.com\/en\/wp-json\/wp\/v2\/media\/113"}],"wp:attachment":[{"href":"https:\/\/www.manulanzi.com\/en\/wp-json\/wp\/v2\/media?parent=514"}],"curies":[{"name":"wp","href":"https:\/\/api.w.org\/{rel}","templated":true}]}}