{"id":503,"date":"2014-11-16T20:21:17","date_gmt":"2014-11-16T19:21:17","guid":{"rendered":"https:\/\/www.manulanzi.com\/photos\/jungleland\/"},"modified":"2016-03-18T19:04:21","modified_gmt":"2016-03-18T18:04:21","slug":"jungleland","status":"publish","type":"page","link":"https:\/\/www.manulanzi.com\/en\/photos\/jungleland\/","title":{"rendered":"Jungleland"},"content":{"rendered":"<p>Court m\u00e9trage de Michael Massias<\/p>\n<p><em>Chor\u00e9graphe de combats, com\u00e9dien<\/em><\/p>\n","protected":false},"excerpt":{"rendered":"<p>Court m\u00e9trage de Michael Massias Chor\u00e9graphe de combats, com\u00e9dien<\/p>\n","protected":false},"author":1,"featured_media":117,"parent":479,"menu_order":14,"comment_status":"open","ping_status":"closed","template":"photos.php","meta":{"_acf_changed":false,"footnotes":""},"class_list":["post-503","page","type-page","status-publish","has-post-thumbnail","hentry"],"acf":[],"_links":{"self":[{"href":"https:\/\/www.manulanzi.com\/en\/wp-json\/wp\/v2\/pages\/503","targetHints":{"allow":["GET"]}}],"collection":[{"href":"https:\/\/www.manulanzi.com\/en\/wp-json\/wp\/v2\/pages"}],"about":[{"href":"https:\/\/www.manulanzi.com\/en\/wp-json\/wp\/v2\/types\/page"}],"author":[{"embeddable":true,"href":"https:\/\/www.manulanzi.com\/en\/wp-json\/wp\/v2\/users\/1"}],"replies":[{"embeddable":true,"href":"https:\/\/www.manulanzi.com\/en\/wp-json\/wp\/v2\/comments?post=503"}],"version-history":[{"count":5,"href":"https:\/\/www.manulanzi.com\/en\/wp-json\/wp\/v2\/pages\/503\/revisions"}],"predecessor-version":[{"id":722,"href":"https:\/\/www.manulanzi.com\/en\/wp-json\/wp\/v2\/pages\/503\/revisions\/722"}],"up":[{"embeddable":true,"href":"https:\/\/www.manulanzi.com\/en\/wp-json\/wp\/v2\/pages\/479"}],"wp:featuredmedia":[{"embeddable":true,"href":"https:\/\/www.manulanzi.com\/en\/wp-json\/wp\/v2\/media\/117"}],"wp:attachment":[{"href":"https:\/\/www.manulanzi.com\/en\/wp-json\/wp\/v2\/media?parent=503"}],"curies":[{"name":"wp","href":"https:\/\/api.w.org\/{rel}","templated":true}]}}