{"id":499,"date":"2014-11-16T20:17:29","date_gmt":"2014-11-16T19:17:29","guid":{"rendered":"https:\/\/www.manulanzi.com\/photos\/dos-au-mur\/"},"modified":"2016-03-18T19:04:14","modified_gmt":"2016-03-18T18:04:14","slug":"dos-au-mur","status":"publish","type":"page","link":"https:\/\/www.manulanzi.com\/en\/photos\/dos-au-mur\/","title":{"rendered":"Dos au mur"},"content":{"rendered":"<p>S\u00e9rie TV r\u00e9alis\u00e9 par Aur\u00e9lien Poitrimoult <br \/> <em>Chor\u00e9graphe de combats, com\u00e9dien<\/em><\/p>\n","protected":false},"excerpt":{"rendered":"<p>S\u00e9rie TV r\u00e9alis\u00e9 par Aur\u00e9lien Poitrimoult Chor\u00e9graphe de combats, com\u00e9dien<\/p>\n","protected":false},"author":1,"featured_media":110,"parent":479,"menu_order":12,"comment_status":"open","ping_status":"closed","template":"photos.php","meta":{"_acf_changed":false,"footnotes":""},"class_list":["post-499","page","type-page","status-publish","has-post-thumbnail","hentry"],"acf":[],"_links":{"self":[{"href":"https:\/\/www.manulanzi.com\/en\/wp-json\/wp\/v2\/pages\/499","targetHints":{"allow":["GET"]}}],"collection":[{"href":"https:\/\/www.manulanzi.com\/en\/wp-json\/wp\/v2\/pages"}],"about":[{"href":"https:\/\/www.manulanzi.com\/en\/wp-json\/wp\/v2\/types\/page"}],"author":[{"embeddable":true,"href":"https:\/\/www.manulanzi.com\/en\/wp-json\/wp\/v2\/users\/1"}],"replies":[{"embeddable":true,"href":"https:\/\/www.manulanzi.com\/en\/wp-json\/wp\/v2\/comments?post=499"}],"version-history":[{"count":2,"href":"https:\/\/www.manulanzi.com\/en\/wp-json\/wp\/v2\/pages\/499\/revisions"}],"predecessor-version":[{"id":718,"href":"https:\/\/www.manulanzi.com\/en\/wp-json\/wp\/v2\/pages\/499\/revisions\/718"}],"up":[{"embeddable":true,"href":"https:\/\/www.manulanzi.com\/en\/wp-json\/wp\/v2\/pages\/479"}],"wp:featuredmedia":[{"embeddable":true,"href":"https:\/\/www.manulanzi.com\/en\/wp-json\/wp\/v2\/media\/110"}],"wp:attachment":[{"href":"https:\/\/www.manulanzi.com\/en\/wp-json\/wp\/v2\/media?parent=499"}],"curies":[{"name":"wp","href":"https:\/\/api.w.org\/{rel}","templated":true}]}}