{"id":490,"date":"2014-11-16T20:05:31","date_gmt":"2014-11-16T19:05:31","guid":{"rendered":"https:\/\/www.manulanzi.com\/photos\/aux-yeux-des-vivants\/"},"modified":"2016-03-18T19:04:04","modified_gmt":"2016-03-18T18:04:04","slug":"aux-yeux-des-vivants","status":"publish","type":"page","link":"https:\/\/www.manulanzi.com\/en\/photos\/aux-yeux-des-vivants\/","title":{"rendered":"Aux yeux des vivants"},"content":{"rendered":"<p>Long m\u00e9trage de A. Bustillo et J. Maury<\/p>\n<p><em>R\u00e9gleur cascades, com\u00e9dien<\/em><\/p>\n<p>R\u00f4le : p\u00e8re de Victor<\/p>\n","protected":false},"excerpt":{"rendered":"<p>Long m\u00e9trage de A. Bustillo et J. Maury R\u00e9gleur cascades, com\u00e9dien R\u00f4le : p\u00e8re de Victor<\/p>\n","protected":false},"author":1,"featured_media":98,"parent":479,"menu_order":10,"comment_status":"open","ping_status":"closed","template":"photos.php","meta":{"_acf_changed":false,"footnotes":""},"class_list":["post-490","page","type-page","status-publish","has-post-thumbnail","hentry"],"acf":[],"_links":{"self":[{"href":"https:\/\/www.manulanzi.com\/en\/wp-json\/wp\/v2\/pages\/490","targetHints":{"allow":["GET"]}}],"collection":[{"href":"https:\/\/www.manulanzi.com\/en\/wp-json\/wp\/v2\/pages"}],"about":[{"href":"https:\/\/www.manulanzi.com\/en\/wp-json\/wp\/v2\/types\/page"}],"author":[{"embeddable":true,"href":"https:\/\/www.manulanzi.com\/en\/wp-json\/wp\/v2\/users\/1"}],"replies":[{"embeddable":true,"href":"https:\/\/www.manulanzi.com\/en\/wp-json\/wp\/v2\/comments?post=490"}],"version-history":[{"count":3,"href":"https:\/\/www.manulanzi.com\/en\/wp-json\/wp\/v2\/pages\/490\/revisions"}],"predecessor-version":[{"id":714,"href":"https:\/\/www.manulanzi.com\/en\/wp-json\/wp\/v2\/pages\/490\/revisions\/714"}],"up":[{"embeddable":true,"href":"https:\/\/www.manulanzi.com\/en\/wp-json\/wp\/v2\/pages\/479"}],"wp:featuredmedia":[{"embeddable":true,"href":"https:\/\/www.manulanzi.com\/en\/wp-json\/wp\/v2\/media\/98"}],"wp:attachment":[{"href":"https:\/\/www.manulanzi.com\/en\/wp-json\/wp\/v2\/media?parent=490"}],"curies":[{"name":"wp","href":"https:\/\/api.w.org\/{rel}","templated":true}]}}