{"id":466,"date":"2014-11-16T14:09:44","date_gmt":"2014-11-16T13:09:44","guid":{"rendered":"https:\/\/www.manulanzi.com\/accueil-2\/"},"modified":"2025-11-20T09:46:14","modified_gmt":"2025-11-20T08:46:14","slug":"accueil","status":"publish","type":"page","link":"https:\/\/www.manulanzi.com\/en\/","title":{"rendered":"Home"},"content":{"rendered":"<p><strong>Le teckel<\/strong> Feature film of Mathieu Sapin<\/p>\n<p><strong>Kraken<\/strong> Feature film of Th\u00e9o Jourdain &amp; Mohamed Chabane<\/p>\n<p><strong>Marave<\/strong> Feature film of Nathana\u00ebl Guedj &amp; Adrien Piquet-Gauthier<\/p>\n<p><strong>Full Phil<\/strong> Feature film of Quentin Dupieux<\/p>\n<p><strong>Il \u00e9tait une fois<\/strong> Feature film of Clovis Cornillac<\/p>\n<p><strong>Police Flash 80<\/strong> Feature film of Jean-Baptiste Saurel<\/p>\n<p><strong>L&#8217;infiltr\u00e9e<\/strong> Feature film of Ahmed Sylla<\/p>\n<p><strong>Dantzig<\/strong> Feature film of Thomas Lilti<\/p>\n<p><strong>Belph\u00e9gor<\/strong> Show of J\u00e9r\u00e9my Mainguy<\/p>\n<p><strong>L&#8217;accident piano<\/strong> Feature film of Quentin Dupieux<\/p>\n<p><strong>Montmartre<\/strong> Show of Louis Choquette<\/p>\n<p><strong>Signaux<\/strong> Feature film of Quentin Dupieux<\/p>\n<p><strong>Je sais pas<\/strong> Show of Fred Grivois<\/p>\n<p><strong>Les braises<\/strong> Feature film of Thomas Kruithof<\/p>\n<p><strong>MC Walter<\/strong> Feature film of Simon Astier (pr\u00e9paration physique Mister V)<\/p>\n<p><strong>Dis-lui que je l&#8217;aime<\/strong> Feature film ok Romane Bohringer<\/p>\n<p><strong>Yoroi<\/strong> Feature film of David Tomaszewski<\/p>\n","protected":false},"excerpt":{"rendered":"<p>Le teckel Feature film of Mathieu Sapin Kraken Feature film of Th\u00e9o Jourdain &amp; Mohamed Chabane Marave Feature film of Nathana\u00ebl Guedj &amp; Adrien Piquet-Gauthier Full Phil Feature film of Quentin Dupieux Il \u00e9tait une fois Feature film of Clovis Cornillac Police Flash 80 Feature film of Jean-Baptiste Saurel L&#8217;infiltr\u00e9e Feature film of Ahmed Sylla [&hellip;]<\/p>\n","protected":false},"author":1,"featured_media":0,"parent":0,"menu_order":0,"comment_status":"open","ping_status":"closed","template":"accueil.php","meta":{"_acf_changed":false,"footnotes":""},"class_list":["post-466","page","type-page","status-publish","hentry"],"acf":[],"_links":{"self":[{"href":"https:\/\/www.manulanzi.com\/en\/wp-json\/wp\/v2\/pages\/466","targetHints":{"allow":["GET"]}}],"collection":[{"href":"https:\/\/www.manulanzi.com\/en\/wp-json\/wp\/v2\/pages"}],"about":[{"href":"https:\/\/www.manulanzi.com\/en\/wp-json\/wp\/v2\/types\/page"}],"author":[{"embeddable":true,"href":"https:\/\/www.manulanzi.com\/en\/wp-json\/wp\/v2\/users\/1"}],"replies":[{"embeddable":true,"href":"https:\/\/www.manulanzi.com\/en\/wp-json\/wp\/v2\/comments?post=466"}],"version-history":[{"count":85,"href":"https:\/\/www.manulanzi.com\/en\/wp-json\/wp\/v2\/pages\/466\/revisions"}],"predecessor-version":[{"id":1771,"href":"https:\/\/www.manulanzi.com\/en\/wp-json\/wp\/v2\/pages\/466\/revisions\/1771"}],"wp:attachment":[{"href":"https:\/\/www.manulanzi.com\/en\/wp-json\/wp\/v2\/media?parent=466"}],"curies":[{"name":"wp","href":"https:\/\/api.w.org\/{rel}","templated":true}]}}